{"id":1694,"date":"2024-05-30T09:45:37","date_gmt":"2024-05-30T07:45:37","guid":{"rendered":"https:\/\/www.camping-lac-thoux.fr\/dienstleistungen-camping-piscine-lac-thoux-gers\/"},"modified":"2025-10-21T13:50:58","modified_gmt":"2025-10-21T11:50:58","slug":"dienstleistungen-camping-piscine-lac-thoux-gers","status":"publish","type":"page","link":"https:\/\/www.camping-lac-thoux.fr\/de\/dienstleistungen-camping-piscine-lac-thoux-gers\/","title":{"rendered":"Dienste"},"content":{"rendered":"\n<div class=\"is-layout-flow wp-block-group alignfull diaporama-header T-05\"><div class=\"fc-galerie fc-auto \"  style=\"\"  ><figure class=\"fc-galerie__item fc-auto f-carousel__slide \" style=\"\"><picture><source srcset=\"https:\/\/www.camping-lac-thoux.fr\/wp-content\/uploads\/2024\/07\/Animations-Camping-famille-piscine-lac-thoux-gers-14-bas-210x210.jpg\" media=\"(max-width: 211px)\"><source srcset=\"https:\/\/www.camping-lac-thoux.fr\/wp-content\/uploads\/2024\/07\/Animations-Camping-famille-piscine-lac-thoux-gers-14-bas-415x580.jpg\" media=\"(max-width: 416px)\"><source srcset=\"https:\/\/www.camping-lac-thoux.fr\/wp-content\/uploads\/2024\/07\/Animations-Camping-famille-piscine-lac-thoux-gers-14-bas-420x153.jpg\" media=\"(max-width: 421px)\"><source srcset=\"https:\/\/www.camping-lac-thoux.fr\/wp-content\/uploads\/2024\/07\/Animations-Camping-famille-piscine-lac-thoux-gers-14-bas-1024x373.jpg\" media=\"(max-width: 1025px)\"><source srcset=\"https:\/\/www.camping-lac-thoux.fr\/wp-content\/uploads\/2024\/07\/Animations-Camping-famille-piscine-lac-thoux-gers-14-bas.jpg\" media=\"(min-width: 1026px)\"><img decoding=\"async\" loading=\"lazy\" width=\"415\" height=\"210\" src=\"https:\/\/www.camping-lac-thoux.fr\/wp-content\/uploads\/2024\/07\/Animations-Camping-famille-piscine-lac-thoux-gers-14-bas-210x210.jpg\" alt=\"bar snack camping gers\" title=\"\"><\/picture><\/figure><\/div>\n\n\n<div class=\"is-layout-constrained wp-block-group\"><\/div>\n\n\n<figure class=\"deco--ligne-v fc-auto \" style=\"\"  ><picture><source srcset=\"https:\/\/www.camping-lac-thoux.fr\/wp-content\/uploads\/2024\/06\/ligne-v.svg\" media=\"(max-width: 211px)\"><source srcset=\"https:\/\/www.camping-lac-thoux.fr\/wp-content\/uploads\/2024\/06\/ligne-v.svg\" media=\"(max-width: 421px)\"><source srcset=\"https:\/\/www.camping-lac-thoux.fr\/wp-content\/uploads\/2024\/06\/ligne-v.svg\" media=\"(max-width: 1025px)\"><source srcset=\"https:\/\/www.camping-lac-thoux.fr\/wp-content\/uploads\/2024\/06\/ligne-v.svg\" media=\"(min-width: 1026px)\"><img decoding=\"async\" loading=\"lazy\" width=\"420\" height=\"210\" src=\"https:\/\/www.camping-lac-thoux.fr\/wp-content\/uploads\/2024\/06\/ligne-v.svg\" alt=\"camping Ciela\" title=\"\"><\/picture><\/figure>\n\n<figure class=\"deco--vague-header fc-auto \" style=\"\"  ><picture><source srcset=\"https:\/\/www.camping-lac-thoux.fr\/wp-content\/uploads\/2024\/06\/vague-b2.svg\" media=\"(max-width: 211px)\"><source srcset=\"https:\/\/www.camping-lac-thoux.fr\/wp-content\/uploads\/2024\/06\/vague-b2.svg\" media=\"(max-width: 421px)\"><source srcset=\"https:\/\/www.camping-lac-thoux.fr\/wp-content\/uploads\/2024\/06\/vague-b2.svg\" media=\"(max-width: 1025px)\"><source srcset=\"https:\/\/www.camping-lac-thoux.fr\/wp-content\/uploads\/2024\/06\/vague-b2.svg\" media=\"(min-width: 1026px)\"><img decoding=\"async\" loading=\"lazy\" width=\"420\" height=\"210\" src=\"https:\/\/www.camping-lac-thoux.fr\/wp-content\/uploads\/2024\/06\/vague-b2.svg\" alt=\"camping Ciela\" title=\"\"><\/picture><\/figure><\/div>\n\n\n\n<section class=\"is-layout-flow wp-block-group\">\n<div class=\"is-layout-flex wp-container-7 wp-block-columns are-vertically-aligned-center\">\n<div class=\"is-layout-flow wp-block-column is-vertically-aligned-center\">\n<h1 id=\"les-services-du-camping-eurosol\">Alle Dienstleistungen f\u00fcr Ihren Aufenthalt auf dem Campingplatz Le Lac de Thoux<\/h1>\n\n\n\n<p>F\u00fcr einen gelungenen Campingurlaub konzentrieren sich unsere Dienstleistungen auf <strong>Komfort <\/strong>und <strong>Qualit\u00e4t<\/strong>. Wir bieten Ihnen ger\u00e4umige und <strong>gepflegte Stellpl\u00e4tze<\/strong>, die mit allen notwendigen Annehmlichkeiten ausgestattet sind, um Ihnen einen angenehmen Aufenthalt zu gew\u00e4hrleisten.<\/p>\n\n\n\n<p>Unsere <strong>Einrichtungen <\/strong>stehen Ihnen zur Verf\u00fcgung, um Ihnen das Leben w\u00e4hrend Ihres Aufenthalts zu erleichtern. Profitieren Sie auch von unserem engagierten Team, das Ihnen zur Verf\u00fcgung steht, um Ihr Campingerlebnis unvergesslich und sorgenfrei zu gestalten.<\/p>\n<\/div>\n\n\n\n<div class=\"is-layout-flow wp-block-column is-vertically-aligned-center\">\n<ul class=\"pictos\">\n<li><span class=\"fc-icon\"><!-- Generated by IcoMoon.io -->\n<svg version=\"1.1\" xmlns=\"http:\/\/www.w3.org\/2000\/svg\" width=\"32\" height=\"32\" viewBox=\"0 0 32 32\">\n<path d=\"M28.68 11.719c-0.294 0.518-0.662 0.568-1.094 0.147-2.55-2.481-5.577-4.050-9.096-4.552-5.368-0.767-10.068 0.716-14.057 4.408-0.073 0.068-0.142 0.139-0.215 0.207-0.288 0.27-0.623 0.286-0.861 0.044-0.24-0.244-0.234-0.597 0.059-0.855 0.671-0.592 1.328-1.206 2.045-1.739 2.24-1.665 4.752-2.745 7.509-3.163 5.905-0.896 11.054 0.708 15.403 4.821 0.117 0.112 0.205 0.255 0.307 0.384 0 0.1 0 0.199 0 0.299zM15.791 11.112c3.563 0.070 6.515 1.239 8.975 3.614 0.283 0.274 0.338 0.56 0.163 0.818-0.216 0.318-0.615 0.341-0.923 0.040-0.656-0.639-1.369-1.204-2.156-1.674-1.555-0.929-3.235-1.479-5.044-1.598-3.451-0.227-6.42 0.873-8.92 3.256-0.299 0.285-0.632 0.305-0.878 0.052s-0.22-0.582 0.081-0.876c2.060-2.005 4.516-3.187 7.372-3.527 0.493-0.058 0.991-0.080 1.332-0.106zM21.371 18.763c-0.001 0.346-0.109 0.524-0.323 0.624-0.234 0.11-0.45 0.064-0.646-0.102-0.291-0.246-0.57-0.511-0.88-0.729-2.427-1.701-5.777-1.44-7.926 0.603-0.117 0.111-0.259 0.216-0.408 0.266-0.237 0.078-0.492-0.052-0.616-0.265-0.131-0.224-0.109-0.521 0.111-0.704 0.478-0.395 0.945-0.819 1.474-1.134 2.885-1.715 6.546-1.272 8.956 1.059 0.128 0.125 0.206 0.302 0.258 0.381zM15.931 21.45c1.265-0.004 2.295 1.023 2.296 2.29s-1.023 2.296-2.288 2.301c-1.259 0.005-2.295-1.029-2.297-2.292-0.001-1.267 1.022-2.294 2.288-2.298zM14.79 23.742c-0.001 0.637 0.523 1.158 1.155 1.15 0.627-0.007 1.134-0.519 1.136-1.145 0.001-0.639-0.516-1.152-1.156-1.146-0.631 0.005-1.135 0.512-1.136 1.14z\"><\/path>\n<\/svg>\n<\/span> <strong>Wifi<\/strong><\/li>\n\n\n\n<li><span class=\"fc-icon\"><!-- Generated by IcoMoon.io -->\n<svg version=\"1.1\" xmlns=\"http:\/\/www.w3.org\/2000\/svg\" width=\"32\" height=\"32\" viewBox=\"0 0 32 32\">\n<path d=\"M32.035 28.262c-0.191 0.428-0.538 0.558-0.983 0.55-0.855-0.013-1.71-0.003-2.564-0.004-0.714-0.001-1.007-0.291-0.952-0.991 0.124-1.569 0.266-3.136 0.4-4.704 0.111-1.296 0.222-2.591 0.335-3.924-0.134 0-0.246 0-0.358 0-0.876-0.001-1.080-0.208-1.081-1.095-0.007-2.711-0.015-5.421-0.022-8.132-0.003-1.074 0.004-2.148-0.015-3.221-0.007-0.44 0.144-0.745 0.524-0.984 1.155-0.727 2.295-1.478 3.442-2.218 0.577-0.373 0.938-0.28 1.276 0.32-0.001 8.134-0.001 16.267-0.001 24.402zM30.512 17.683c0-4.060 0-8.123 0-12.226-0.69 0.45-1.34 0.882-1.999 1.297-0.181 0.114-0.243 0.24-0.241 0.453 0.020 3.367 0.032 6.736 0.046 10.104 0.001 0.121 0.010 0.241 0.017 0.373 0.738 0 1.444 0 2.178 0zM30.521 27.299c0-2.709 0-5.401 0-8.091-0.261 0-0.496 0-0.753 0-0.23 2.701-0.458 5.386-0.689 8.091 0.505 0 0.968 0 1.442 0zM16.012 7.781c5.405-0.021 9.853 4.428 9.845 9.849-0.008 5.424-4.398 9.816-9.827 9.833-5.403 0.017-9.807-4.375-9.846-9.817-0.038-5.405 4.384-9.843 9.828-9.864zM24.373 17.612c-0.037-4.632-3.803-8.381-8.373-8.335-4.645 0.047-8.378 3.802-8.325 8.377 0.053 4.64 3.756 8.328 8.35 8.319 4.608-0.008 8.385-3.791 8.348-8.361zM3.683 8.368c0.256 0 0.461 0 0.71 0 0-0.123 0-0.234 0-0.345 0-0.949-0.004-1.897 0.004-2.847 0.001-0.174 0.016-0.361 0.082-0.519 0.124-0.293 0.37-0.442 0.697-0.431 0.311 0.009 0.582 0.211 0.667 0.52 0.040 0.148 0.047 0.308 0.047 0.463 0.003 1.845-0.030 3.691 0.012 5.536 0.034 1.501-0.846 2.72-2.076 3.075-0.196 0.057-0.179 0.194-0.178 0.34 0.007 1.564 0.016 3.128 0.021 4.692 0.008 2.94 0.016 5.88 0.023 8.82 0 0.114 0 0.228 0 0.366-0.49 0-0.964 0-1.481 0 0-4.708 0-9.424 0-14.031-0.499-0.334-0.959-0.57-1.329-0.905-0.607-0.55-0.873-1.285-0.876-2.103-0.007-1.97-0.005-3.941-0.001-5.911 0.001-0.53 0.292-0.862 0.741-0.863 0.445-0.002 0.746 0.33 0.751 0.856 0.007 0.97 0.002 1.939 0.002 2.909 0 0.114 0 0.227 0 0.365 0.23 0 0.441 0 0.69 0 0-0.114 0.001-0.224 0-0.335-0.007-0.938-0.017-1.877-0.017-2.815 0-0.184 0.012-0.381 0.076-0.55 0.12-0.316 0.454-0.473 0.793-0.417 0.347 0.057 0.591 0.33 0.602 0.731 0.024 0.98 0.031 1.96 0.044 2.94-0.001 0.144-0.002 0.288-0.002 0.459zM1.509 9.883c0 0.467-0.033 0.904 0.007 1.337 0.059 0.629 0.623 1.153 1.242 1.214 0.711 0.069 1.38-0.296 1.534-0.949 0.12-0.511 0.093-1.057 0.132-1.601-1.017 0-1.95 0-2.916 0zM22.761 17.616c0.005 3.704-3.066 6.767-6.752 6.738-3.723-0.030-6.718-3.028-6.724-6.734-0.006-3.697 3.002-6.716 6.716-6.742 3.686-0.025 6.755 3.034 6.76 6.738zM21.269 17.616c-0.009-2.889-2.389-5.257-5.267-5.239-2.885 0.020-5.224 2.365-5.23 5.243-0.006 2.884 2.365 5.255 5.251 5.253 2.889-0.002 5.255-2.373 5.246-5.257z\"><\/path>\n<\/svg>\n<\/span>  Restaurant <strong>auf dem Campingplatz<\/strong><\/li>\n\n\n\n<li><span class=\"fc-icon\"><!-- Generated by IcoMoon.io -->\n<svg version=\"1.1\" xmlns=\"http:\/\/www.w3.org\/2000\/svg\" width=\"32\" height=\"32\" viewBox=\"0 0 32 32\">\n<path d=\"M15.934 3.32c-2.521 0-4.986 0.748-7.082 2.148s-3.73 3.391-4.695 5.721c-0.965 2.329-1.217 4.892-0.725 7.365s1.706 4.744 3.489 6.527 4.054 2.997 6.527 3.489c2.473 0.492 5.036 0.239 7.365-0.725s4.32-2.599 5.721-4.695 2.148-4.561 2.148-7.082c0-1.674-0.329-3.332-0.97-4.878s-1.579-2.952-2.763-4.136c-1.184-1.184-2.589-2.123-4.136-2.763s-3.204-0.97-4.878-0.97v0zM23.335 17.505c-0 0.163-0.065 0.32-0.181 0.436s-0.272 0.181-0.436 0.181h-4.729v4.729c-0 0.164-0.065 0.321-0.181 0.437s-0.273 0.181-0.437 0.181h-2.877c-0.164-0-0.32-0.065-0.436-0.181s-0.181-0.272-0.181-0.436v-4.729h-4.729c-0.164-0.001-0.32-0.066-0.436-0.182s-0.181-0.273-0.181-0.436v-2.877c0-0.164 0.066-0.32 0.181-0.436s0.272-0.181 0.436-0.181h4.729v-4.729c0-0.164 0.065-0.32 0.181-0.436s0.272-0.181 0.436-0.181h2.877c0.163 0 0.32 0.066 0.436 0.181s0.181 0.272 0.181 0.436v4.729h4.729c0.164 0 0.32 0.065 0.436 0.181s0.181 0.272 0.181 0.436l0.001 2.877z\"><\/path>\n<\/svg>\n<\/span> <strong>Qualitativ hochwertige<\/strong> Dienstleistungen<\/li>\n<\/ul>\n<\/div>\n<\/div>\n<\/section>\n\n\n\n<div class=\"is-layout-constrained wp-block-group alignfull\"><figure class=\"deco--lignes fc-auto \" style=\"\"  ><picture><source srcset=\"https:\/\/www.camping-lac-thoux.fr\/wp-content\/uploads\/2024\/05\/lignes.svg\" media=\"(max-width: 211px)\"><source srcset=\"https:\/\/www.camping-lac-thoux.fr\/wp-content\/uploads\/2024\/05\/lignes.svg\" media=\"(max-width: 421px)\"><source srcset=\"https:\/\/www.camping-lac-thoux.fr\/wp-content\/uploads\/2024\/05\/lignes.svg\" media=\"(max-width: 1025px)\"><source srcset=\"https:\/\/www.camping-lac-thoux.fr\/wp-content\/uploads\/2024\/05\/lignes.svg\" media=\"(min-width: 1026px)\"><img decoding=\"async\" loading=\"lazy\" width=\"420\" height=\"210\" src=\"https:\/\/www.camping-lac-thoux.fr\/wp-content\/uploads\/2024\/05\/lignes.svg\" alt=\"camping Ciela\" title=\"\"><\/picture><\/figure>\n\n<figure class=\"deco--vague fc-auto \" style=\"\"  ><picture><source srcset=\"https:\/\/www.camping-lac-thoux.fr\/wp-content\/uploads\/2024\/05\/vague.svg\" media=\"(max-width: 211px)\"><source srcset=\"https:\/\/www.camping-lac-thoux.fr\/wp-content\/uploads\/2024\/05\/vague.svg\" media=\"(max-width: 421px)\"><source srcset=\"https:\/\/www.camping-lac-thoux.fr\/wp-content\/uploads\/2024\/05\/vague.svg\" media=\"(max-width: 1025px)\"><source srcset=\"https:\/\/www.camping-lac-thoux.fr\/wp-content\/uploads\/2024\/05\/vague.svg\" media=\"(min-width: 1026px)\"><img decoding=\"async\" loading=\"lazy\" width=\"420\" height=\"210\" src=\"https:\/\/www.camping-lac-thoux.fr\/wp-content\/uploads\/2024\/05\/vague.svg\" alt=\"camping Ciela\" title=\"\"><\/picture><\/figure>\n\n\n<div class=\"is-layout-flex wp-container-13 wp-block-columns are-vertically-aligned-center has-vert-background-color has-background reverse-mob\">\n<div class=\"is-layout-flow wp-block-column is-vertically-aligned-center\">\n<h2 id=\"le-restaurant-du-camping-4-etoiles-dans-les-landes\">Campingplatz mit Restaurant auf dem Gel\u00e4nde<\/h2>\n\n\n\n<p>Entdecken Sie ein au\u00dfergew\u00f6hnliches kulinarisches Erlebnis im<strong> Restaurant des Campingplatzes<\/strong>, wo jedes Gericht mit Sorgfalt zubereitet wird, um Ihren Gaumen zu verw\u00f6hnen. Unser engagiertes Team garantiert Ihnen lokale Aromen und hausgemachte Gerichte, egal ob Sie in einer gem\u00fctlichen Atmosph\u00e4re vor <strong>Ort<\/strong> speisen oder Ihre Mahlzeiten <strong>mitnehmen<\/strong> m\u00f6chten, um die Ruhe an Ihrem Standort zu genie\u00dfen.<\/p>\n\n\n\n<p>Von der Frische der Zutaten bis zur Vielfalt der Men\u00fcs, jeder Besuch im Restaurant des Campingplatzes ist eine Gelegenheit, sich zu verw\u00f6hnen und die K\u00f6stlichkeiten der regionalen K\u00fcche zu entdecken.<\/p>\n\n\n\n<p>Genie\u00dfen Sie nach einem anstrengenden Tag ein Abendessen mit Familie oder Freunden, gefolgt von einem Spaziergang entlang des Sees bei Sonnenuntergang.<\/p>\n\n\n\n<p>Nutzen Sie auch die <strong>Bar des Campingplatzes<\/strong> f\u00fcr eine entspannte Pause mit einem Snack oder einem erfrischenden Eis. Nehmen Sie auch an unseren Themen- oder <strong>Tanzabenden<\/strong> teil, um sich mit Freunden zu treffen.<\/p>\n<\/div>\n\n\n\n<div class=\"is-layout-flow wp-block-column is-vertically-aligned-center\"><div class=\"fc-galerie fc-auto col-1 f-carousel fc-diapo \"  style=\"\"  data-fancybox=\"gallery\"><figure class=\"fc-galerie__item fc-auto f-carousel__slide \" style=\"\"><picture><source srcset=\"https:\/\/www.camping-lac-thoux.fr\/wp-content\/uploads\/2025\/10\/108_Camping_Gers_Lac_de_Thoux_Ciela_Village_Restaurant-1-210x140.webp\" media=\"(max-width: 211px)\"><source srcset=\"https:\/\/www.camping-lac-thoux.fr\/wp-content\/uploads\/2025\/10\/108_Camping_Gers_Lac_de_Thoux_Ciela_Village_Restaurant-1-420x280.webp\" media=\"(max-width: 421px)\"><source srcset=\"https:\/\/www.camping-lac-thoux.fr\/wp-content\/uploads\/2025\/10\/108_Camping_Gers_Lac_de_Thoux_Ciela_Village_Restaurant-1-1024x682.webp\" media=\"(max-width: 1025px)\"><source srcset=\"https:\/\/www.camping-lac-thoux.fr\/wp-content\/uploads\/2025\/10\/108_Camping_Gers_Lac_de_Thoux_Ciela_Village_Restaurant-1.webp\" media=\"(min-width: 1026px)\"><img decoding=\"async\" loading=\"lazy\" width=\"415\" height=\"210\" src=\"https:\/\/www.camping-lac-thoux.fr\/wp-content\/uploads\/2025\/10\/108_Camping_Gers_Lac_de_Thoux_Ciela_Village_Restaurant-1-210x140.webp\" alt=\"\" title=\"\"><\/picture><\/figure><figure class=\"fc-galerie__item fc-auto f-carousel__slide \" style=\"\"><picture><source srcset=\"https:\/\/www.camping-lac-thoux.fr\/wp-content\/uploads\/2025\/10\/123_Camping_Gers_Lac_de_Thoux_Ciela_Village_Restaurant-210x140.webp\" media=\"(max-width: 211px)\"><source srcset=\"https:\/\/www.camping-lac-thoux.fr\/wp-content\/uploads\/2025\/10\/123_Camping_Gers_Lac_de_Thoux_Ciela_Village_Restaurant-420x280.webp\" media=\"(max-width: 421px)\"><source srcset=\"https:\/\/www.camping-lac-thoux.fr\/wp-content\/uploads\/2025\/10\/123_Camping_Gers_Lac_de_Thoux_Ciela_Village_Restaurant-1024x682.webp\" media=\"(max-width: 1025px)\"><source srcset=\"https:\/\/www.camping-lac-thoux.fr\/wp-content\/uploads\/2025\/10\/123_Camping_Gers_Lac_de_Thoux_Ciela_Village_Restaurant.webp\" media=\"(min-width: 1026px)\"><img decoding=\"async\" loading=\"lazy\" width=\"415\" height=\"210\" src=\"https:\/\/www.camping-lac-thoux.fr\/wp-content\/uploads\/2025\/10\/123_Camping_Gers_Lac_de_Thoux_Ciela_Village_Restaurant-210x140.webp\" alt=\"\" title=\"\"><\/picture><\/figure><figure class=\"fc-galerie__item fc-auto f-carousel__slide \" style=\"\"><picture><source srcset=\"https:\/\/www.camping-lac-thoux.fr\/wp-content\/uploads\/2025\/10\/138_Camping_Gers_Lac_de_Thoux_Ciela_Village_Restaurant-210x140.webp\" media=\"(max-width: 211px)\"><source srcset=\"https:\/\/www.camping-lac-thoux.fr\/wp-content\/uploads\/2025\/10\/138_Camping_Gers_Lac_de_Thoux_Ciela_Village_Restaurant-420x280.webp\" media=\"(max-width: 421px)\"><source srcset=\"https:\/\/www.camping-lac-thoux.fr\/wp-content\/uploads\/2025\/10\/138_Camping_Gers_Lac_de_Thoux_Ciela_Village_Restaurant-1024x682.webp\" media=\"(max-width: 1025px)\"><source srcset=\"https:\/\/www.camping-lac-thoux.fr\/wp-content\/uploads\/2025\/10\/138_Camping_Gers_Lac_de_Thoux_Ciela_Village_Restaurant.webp\" media=\"(min-width: 1026px)\"><img decoding=\"async\" loading=\"lazy\" width=\"415\" height=\"210\" src=\"https:\/\/www.camping-lac-thoux.fr\/wp-content\/uploads\/2025\/10\/138_Camping_Gers_Lac_de_Thoux_Ciela_Village_Restaurant-210x140.webp\" alt=\"\" title=\"\"><\/picture><\/figure><\/div><\/div>\n<\/div>\n<\/div>\n\n\n\n<div class=\"is-layout-flex wp-container-20 wp-block-columns are-vertically-aligned-center T-35 reverse-mob\">\n<div class=\"is-layout-flow wp-block-column is-vertically-aligned-center col-text\" style=\"flex-basis:40%\">\n<h2 class=\"has-vert-color has-text-color\" id=\"take-away-cuisine-du-monde-a-emporter\">Alles, was Sie f\u00fcr Ihren Aufenthalt brauchen<\/h2>\n\n\n\n<p>Entdecken Sie ein umfassendes Angebot an <strong>praktischen Dienstleistungen<\/strong>, um Ihren Aufenthalt auf dem Campingplatz so angenehm wie m\u00f6glich zu gestalten. In unserem modernen <strong>Waschsalon <\/strong>k\u00f6nnen Sie Ihre Kleidung m\u00fchelos frisch und sauber halten.<\/p>\n\n\n\n<p>Jeden Morgen bietet Ihnen unser <strong>Brotdepot<\/strong> eine Auswahl an frischem Brot und Geb\u00e4ck f\u00fcr ein leckeres Fr\u00fchst\u00fcck direkt im Haus. F\u00fcr diejenigen, die in Verbindung bleiben m\u00f6chten, bieten wir einen schnellen und zuverl\u00e4ssigen <strong>Wifi-Service<\/strong> an, der gegen eine geringe Geb\u00fchr zug\u00e4nglich ist und es Ihnen erm\u00f6glicht, im Internet zu surfen, Ihre E-Mails abzurufen oder Ihre Urlaubsmomente mit Ihren Lieben zu teilen.<\/p>\n\n\n\n<div class=\"wp-block-fc-gut-encart fc-information\">\n<p>Ihr Aufenthalt auf dem Campingplatz Le Lac de Thoux in Okzitanien im Departement Gers ist ein voller Erfolg.<\/p>\n<\/div>\n\n\n\n<p>Mit diesen Dienstleistungen verpflichten wir uns, Ihnen ein sorgenfreies Campingerlebnis zu bieten, bei dem Sie sich entspannen und Ihren Urlaub im Freien voll und ganz genie\u00dfen k\u00f6nnen.<\/p>\n<\/div>\n\n\n\n<div class=\"is-layout-flow wp-block-column is-vertically-aligned-center col-img\"><div class=\"fc-galerie fc-auto f-carousel fc-diapo-mob \"  style=\"\"  data-fancybox=\"gallery-mob\"><figure class=\"fc-galerie__item fc-auto f-carousel__slide \" style=\"\"><picture><source srcset=\"https:\/\/www.camping-lac-thoux.fr\/wp-content\/uploads\/2024\/07\/batch_Animations-Camping-famille-piscine-lac-thoux-gers-14-210x210.jpg\" media=\"(max-width: 211px)\"><source srcset=\"https:\/\/www.camping-lac-thoux.fr\/wp-content\/uploads\/2024\/07\/batch_Animations-Camping-famille-piscine-lac-thoux-gers-14-420x280.jpg\" media=\"(max-width: 421px)\"><source srcset=\"https:\/\/www.camping-lac-thoux.fr\/wp-content\/uploads\/2024\/07\/batch_Animations-Camping-famille-piscine-lac-thoux-gers-14.jpg\" media=\"(max-width: 1025px)\"><source srcset=\"https:\/\/www.camping-lac-thoux.fr\/wp-content\/uploads\/2024\/07\/batch_Animations-Camping-famille-piscine-lac-thoux-gers-14.jpg\" media=\"(min-width: 1026px)\"><img decoding=\"async\" loading=\"lazy\" width=\"415\" height=\"210\" src=\"https:\/\/www.camping-lac-thoux.fr\/wp-content\/uploads\/2024\/07\/batch_Animations-Camping-famille-piscine-lac-thoux-gers-14-210x210.jpg\" alt=\"bar snack camping Gers\" title=\"\"><\/picture><\/figure><figure class=\"fc-galerie__item fc-auto f-carousel__slide \" style=\"\"><picture><source srcset=\"https:\/\/www.camping-lac-thoux.fr\/wp-content\/uploads\/2024\/11\/276-Camping-Gers-Lac-de-thoux-Ciela-Village-Acueil-Epicerie-210x210.webp\" media=\"(max-width: 211px)\"><source srcset=\"https:\/\/www.camping-lac-thoux.fr\/wp-content\/uploads\/2024\/11\/276-Camping-Gers-Lac-de-thoux-Ciela-Village-Acueil-Epicerie-420x279.webp\" media=\"(max-width: 421px)\"><source srcset=\"https:\/\/www.camping-lac-thoux.fr\/wp-content\/uploads\/2024\/11\/276-Camping-Gers-Lac-de-thoux-Ciela-Village-Acueil-Epicerie-1024x681.webp\" media=\"(max-width: 1025px)\"><source srcset=\"https:\/\/www.camping-lac-thoux.fr\/wp-content\/uploads\/2024\/11\/276-Camping-Gers-Lac-de-thoux-Ciela-Village-Acueil-Epicerie.webp\" media=\"(min-width: 1026px)\"><img decoding=\"async\" loading=\"lazy\" width=\"415\" height=\"210\" src=\"https:\/\/www.camping-lac-thoux.fr\/wp-content\/uploads\/2024\/11\/276-Camping-Gers-Lac-de-thoux-Ciela-Village-Acueil-Epicerie-210x210.webp\" alt=\"epicerie camping Gers\" title=\"\"><\/picture><\/figure><figure class=\"fc-galerie__item fc-auto f-carousel__slide \" style=\"\"><picture><source srcset=\"https:\/\/www.camping-lac-thoux.fr\/wp-content\/uploads\/2024\/11\/239-Camping-Gers-Lac-de-thoux-Ciela-Village-Restaurant-210x210.webp\" media=\"(max-width: 211px)\"><source srcset=\"https:\/\/www.camping-lac-thoux.fr\/wp-content\/uploads\/2024\/11\/239-Camping-Gers-Lac-de-thoux-Ciela-Village-Restaurant-420x279.webp\" media=\"(max-width: 421px)\"><source srcset=\"https:\/\/www.camping-lac-thoux.fr\/wp-content\/uploads\/2024\/11\/239-Camping-Gers-Lac-de-thoux-Ciela-Village-Restaurant-1024x681.webp\" media=\"(max-width: 1025px)\"><source srcset=\"https:\/\/www.camping-lac-thoux.fr\/wp-content\/uploads\/2024\/11\/239-Camping-Gers-Lac-de-thoux-Ciela-Village-Restaurant.webp\" media=\"(min-width: 1026px)\"><img decoding=\"async\" loading=\"lazy\" width=\"415\" height=\"210\" src=\"https:\/\/www.camping-lac-thoux.fr\/wp-content\/uploads\/2024\/11\/239-Camping-Gers-Lac-de-thoux-Ciela-Village-Restaurant-210x210.webp\" alt=\"restaurant camping dans le gers\" title=\"\"><\/picture><\/figure><\/div>\n\n\n<div class=\"is-layout-flex wp-block-buttons\">\n<div class=\"wp-block-button btn_galerie fc-style-1\"><a class=\"wp-block-button__link wp-element-button\" href=\"https:\/\/www.camping-lac-thoux.fr\/de\/fotogalerie\/\">&gt; Siehe die Galerie<\/a><\/div>\n<\/div>\n<\/div>\n<\/div>\n\n\n\n<div class=\"wp-block-cover is-light T-20\"><span aria-hidden=\"true\" class=\"wp-block-cover__background has-background-dim\"><\/span><img decoding=\"async\" loading=\"lazy\" width=\"2048\" height=\"683\" class=\"wp-block-cover__image-background wp-image-1027\" alt=\"\" src=\"https:\/\/www.camping-lac-thoux.fr\/wp-content\/uploads\/2024\/07\/batch_Camping-le-Lac-du-Thoux-52-.jpg\" data-object-fit=\"cover\" srcset=\"https:\/\/www.camping-lac-thoux.fr\/wp-content\/uploads\/2024\/07\/batch_Camping-le-Lac-du-Thoux-52-.jpg 2048w, https:\/\/www.camping-lac-thoux.fr\/wp-content\/uploads\/2024\/07\/batch_Camping-le-Lac-du-Thoux-52--420x140.jpg 420w, https:\/\/www.camping-lac-thoux.fr\/wp-content\/uploads\/2024\/07\/batch_Camping-le-Lac-du-Thoux-52--1024x342.jpg 1024w, https:\/\/www.camping-lac-thoux.fr\/wp-content\/uploads\/2024\/07\/batch_Camping-le-Lac-du-Thoux-52--768x256.jpg 768w, https:\/\/www.camping-lac-thoux.fr\/wp-content\/uploads\/2024\/07\/batch_Camping-le-Lac-du-Thoux-52--1536x512.jpg 1536w\" sizes=\"(max-width: 2048px) 100vw, 2048px\" title=\"\"><div class=\"wp-block-cover__inner-container\">\n<div class=\"is-layout-flow wp-block-group has-vert-background-color has-background\">\n<h2 class=\"has-text-align-center\" id=\"decouvrez-nos-locations-en-nouvelle-aquitaine\">Aktivit\u00e4ten in der Umgebung des Lac de Thoux<\/h2>\n\n\n\n<p class=\"has-text-align-center\">Rund um <strong>den Lac de Thoux in Okzitanien<\/strong> gibt es eine Vielzahl an spannenden Aktivit\u00e4ten f\u00fcr die Besucher. Outdoor-Fans k\u00f6nnen <strong>schwimmen <\/strong>und <strong>Wassersportarten<\/strong> wie Paddeln oder Segeln genie\u00dfen, w\u00e4hrend Spazierg\u00e4nger die <strong>gr\u00fcnen Wege<\/strong> entlang des Sees erkunden k\u00f6nnen.<\/p>\n\n\n\n<p class=\"has-text-align-center\">Picknicks mit der Familie und <strong>Angeln <\/strong>sind ebenfalls sehr beliebt. Mit seiner malerischen Umgebung und seinen vielf\u00e4ltigen M\u00f6glichkeiten ist der Lac de Thoux ein ideales Ziel f\u00fcr Erholung und Unterhaltung im Freien.<\/p>\n\n\n\n<div class=\"is-horizontal is-content-justification-center is-layout-flex wp-container-21 wp-block-buttons\">\n<div class=\"wp-block-button\"><a class=\"wp-block-button__link wp-element-button\" href=\"https:\/\/www.camping-lac-thoux.fr\/de\/tourismus-camping-piscine-lac-thoux-gers\/\">Weitere Informationen<\/a><\/div>\n<\/div>\n<\/div>\n<\/div><\/div>\n","protected":false},"excerpt":{"rendered":"<p>Alle Dienstleistungen f\u00fcr Ihren Aufenthalt auf dem Campingplatz Le Lac de Thoux F\u00fcr einen gelungenen Campingurlaub konzentrieren sich unsere Dienstleistungen auf Komfort und Qualit\u00e4t. Wir bieten Ihnen ger\u00e4umige und gepflegte Stellpl\u00e4tze, die mit allen notwendigen Annehmlichkeiten ausgestattet sind, um Ihnen einen angenehmen Aufenthalt zu gew\u00e4hrleisten. Unsere Einrichtungen stehen Ihnen zur Verf\u00fcgung, um Ihnen das Leben [&hellip;]<\/p>\n","protected":false},"author":1,"featured_media":0,"parent":0,"menu_order":0,"comment_status":"closed","ping_status":"closed","template":"","meta":[],"acf":[],"_links":{"self":[{"href":"https:\/\/www.camping-lac-thoux.fr\/de\/wp-json\/wp\/v2\/pages\/1694"}],"collection":[{"href":"https:\/\/www.camping-lac-thoux.fr\/de\/wp-json\/wp\/v2\/pages"}],"about":[{"href":"https:\/\/www.camping-lac-thoux.fr\/de\/wp-json\/wp\/v2\/types\/page"}],"author":[{"embeddable":true,"href":"https:\/\/www.camping-lac-thoux.fr\/de\/wp-json\/wp\/v2\/users\/1"}],"replies":[{"embeddable":true,"href":"https:\/\/www.camping-lac-thoux.fr\/de\/wp-json\/wp\/v2\/comments?post=1694"}],"version-history":[{"count":4,"href":"https:\/\/www.camping-lac-thoux.fr\/de\/wp-json\/wp\/v2\/pages\/1694\/revisions"}],"predecessor-version":[{"id":382838,"href":"https:\/\/www.camping-lac-thoux.fr\/de\/wp-json\/wp\/v2\/pages\/1694\/revisions\/382838"}],"wp:attachment":[{"href":"https:\/\/www.camping-lac-thoux.fr\/de\/wp-json\/wp\/v2\/media?parent=1694"}],"curies":[{"name":"wp","href":"https:\/\/api.w.org\/{rel}","templated":true}]}}